{"id":19005,"date":"2024-02-28T18:36:40","date_gmt":"2024-02-28T16:36:40","guid":{"rendered":"https:\/\/notary-christodoulou.gr\/information\/%ce%ac%cf%81%ce%b8%cf%81%ce%b1-%cf%87%cf%81%ce%b7%cf%83%ce%b9%ce%bc%ce%b5%cf%83-%cf%80%ce%bb%ce%b7%cf%81%ce%bf%cf%86%ce%bf%cf%81%ce%b9%ce%b5%cf%83\/"},"modified":"2024-05-17T10:17:34","modified_gmt":"2024-05-17T08:17:34","slug":"articles-informations-utiles","status":"publish","type":"page","link":"https:\/\/notary-christodoulou.gr\/fr\/information\/articles-informations-utiles\/","title":{"rendered":"Articles"},"content":{"rendered":"\t\t<div data-elementor-type=\"wp-page\" data-elementor-id=\"19005\" class=\"elementor elementor-19005 elementor-18071\">\n\t\t\t\t<div class=\"elementor-element elementor-element-2ca3dc3 e-flex e-con-boxed wpr-particle-no wpr-jarallax-no wpr-parallax-no wpr-sticky-section-no e-con e-parent\" data-id=\"2ca3dc3\" data-element_type=\"container\" data-e-type=\"container\" data-settings=\"{&quot;background_background&quot;:&quot;classic&quot;}\">\n\t\t\t\t\t<div class=\"e-con-inner\">\n\t\t\t\t<div class=\"elementor-element elementor-element-ba430cc elementor-widget elementor-widget-heading\" data-id=\"ba430cc\" data-element_type=\"widget\" data-e-type=\"widget\" data-widget_type=\"heading.default\">\n\t\t\t\t<div class=\"elementor-widget-container\">\n\t\t\t\t\t<h2 class=\"elementor-heading-title elementor-size-default\">Articles<\/h2>\t\t\t\t<\/div>\n\t\t\t\t<\/div>\n\t\t\t\t<div class=\"elementor-element elementor-element-700a724 elementor-widget elementor-widget-text-editor\" data-id=\"700a724\" data-element_type=\"widget\" data-e-type=\"widget\" data-widget_type=\"text-editor.default\">\n\t\t\t\t<div class=\"elementor-widget-container\">\n\t\t\t\t\t\t\t\t\t<p>Dans le secteur du notariat<\/p>\t\t\t\t\t\t\t\t<\/div>\n\t\t\t\t<\/div>\n\t\t\t\t\t<\/div>\n\t\t\t\t<\/div>\n\t\t<div class=\"elementor-element elementor-element-aade7bb e-flex e-con-boxed wpr-particle-no wpr-jarallax-no wpr-parallax-no wpr-sticky-section-no e-con e-parent\" data-id=\"aade7bb\" data-element_type=\"container\" data-e-type=\"container\">\n\t\t\t\t\t<div class=\"e-con-inner\">\n\t\t\t\t<div class=\"elementor-element elementor-element-e131139 elementor-grid-eael-col-4 elementor-grid-tablet-eael-col-2 elementor-grid-mobile-eael-col-1 elementor-widget elementor-widget-eael-post-grid\" data-id=\"e131139\" data-element_type=\"widget\" data-e-type=\"widget\" data-settings=\"{&quot;eael_post_grid_columns&quot;:&quot;eael-col-4&quot;,&quot;eael_post_grid_columns_tablet&quot;:&quot;eael-col-2&quot;,&quot;eael_post_grid_columns_mobile&quot;:&quot;eael-col-1&quot;}\" data-widget_type=\"eael-post-grid.default\">\n\t\t\t\t<div class=\"elementor-widget-container\">\n\t\t\t\t\t<div id=\"eael-post-grid-e131139\" class=\"eael-post-grid-container\">\n            <div class=\"eael-post-grid eael-post-appender eael-post-appender-e131139 eael-post-grid-style-one\" data-layout-mode=\"masonry\"><article class=\"eael-grid-post  eael-post-grid-column eael-pg-post-20346 category-articles-notaire\" data-id=\"20346\">\n        <div class=\"eael-grid-post-holder\">\n            <div class=\"eael-grid-post-holder-inner\"><div class=\"eael-entry-wrapper\"><header class=\"eael-entry-header\"><h2 class=\"eael-entry-title\"><a class=\"eael-grid-post-link\" href=\"https:\/\/notary-christodoulou.gr\/fr\/services-numeriques-du-cadastre-hellenique-un-guide-pour-les-citoyens\/\" title=\"Services num\u00e9riques du cadastre hell\u00e9nique: un guide pour les citoyens*\">Services num\u00e9riques du cadastre hell\u00e9nique: un guide pour les citoyens*<\/a><\/h2><\/header><div class=\"eael-entry-content\">\n                        <div class=\"eael-grid-post-excerpt\"><p>SERVICES NUM\u00c9RIQUES DU CADASTRE HELL\u00c9NIQUE: UN GUIDE POUR LES CITOYENS...<\/p><\/div>\n                    <\/div><\/div><\/div>\n        <\/div>\n    <\/article><article class=\"eael-grid-post  eael-post-grid-column eael-pg-post-20143 category-articles-notaire\" data-id=\"20143\">\n        <div class=\"eael-grid-post-holder\">\n            <div class=\"eael-grid-post-holder-inner\"><div class=\"eael-entry-media\"><div class=\"eael-entry-overlay none\"><i class=\"\" aria-hidden=\"true\"><\/i><a href=\"https:\/\/notary-christodoulou.gr\/fr\/le-regime-de-taxation-des-non-domicilies-cadre-juridique-en-vigueur-et-incitations-fiscales\/\"><\/a><\/div><div class=\"eael-entry-thumbnail \">\n                <img fetchpriority=\"high\" decoding=\"async\" width=\"300\" height=\"225\" src=\"https:\/\/notary-christodoulou.gr\/wp-content\/uploads\/2025\/05\/non-dom-taxation.jpg\" class=\"attachment-medium size-medium wp-image-20159\" alt=\"non dom taxation\" \/>\n            <\/div>\n        <\/div><div class=\"eael-entry-wrapper\"><header class=\"eael-entry-header\"><h2 class=\"eael-entry-title\"><a class=\"eael-grid-post-link\" href=\"https:\/\/notary-christodoulou.gr\/fr\/le-regime-de-taxation-des-non-domicilies-cadre-juridique-en-vigueur-et-incitations-fiscales\/\" title=\"Le r\u00e9gime de taxation des non-domicili\u00e9s : cadre juridique en vigueur et incitations fiscales\">Le r\u00e9gime de taxation des non-domicili\u00e9s : cadre juridique en vigueur et incitations fiscales<\/a><\/h2><\/header><div class=\"eael-entry-content\">\n                        <div class=\"eael-grid-post-excerpt\"><p>Le cadre juridique en vigueur Depuis 2019, des dispositions ont...<\/p><\/div>\n                    <\/div><\/div><\/div>\n        <\/div>\n    <\/article><article class=\"eael-grid-post  eael-post-grid-column eael-pg-post-19172 category-articles-notaire\" data-id=\"19172\">\n        <div class=\"eael-grid-post-holder\">\n            <div class=\"eael-grid-post-holder-inner\"><div class=\"eael-entry-media\"><div class=\"eael-entry-overlay none\"><i class=\"\" aria-hidden=\"true\"><\/i><a href=\"https:\/\/notary-christodoulou.gr\/fr\/modes-de-transmission-des-biens-du-parent-a-ses-enfants\/\"><\/a><\/div><div class=\"eael-entry-thumbnail \">\n                <img decoding=\"async\" width=\"300\" height=\"200\" src=\"https:\/\/notary-christodoulou.gr\/wp-content\/uploads\/2023\/10\/inheritance-300x200.jpg\" class=\"attachment-medium size-medium wp-image-18640\" alt=\"\" srcset=\"https:\/\/notary-christodoulou.gr\/wp-content\/uploads\/2023\/10\/inheritance-300x200.jpg 300w, https:\/\/notary-christodoulou.gr\/wp-content\/uploads\/2023\/10\/inheritance-1024x683.jpg 1024w, https:\/\/notary-christodoulou.gr\/wp-content\/uploads\/2023\/10\/inheritance-768x512.jpg 768w, https:\/\/notary-christodoulou.gr\/wp-content\/uploads\/2023\/10\/inheritance-1536x1024.jpg 1536w, https:\/\/notary-christodoulou.gr\/wp-content\/uploads\/2023\/10\/inheritance.jpg 1920w\" sizes=\"(max-width: 300px) 100vw, 300px\" \/>\n            <\/div>\n        <\/div><div class=\"eael-entry-wrapper\"><header class=\"eael-entry-header\"><h2 class=\"eael-entry-title\"><a class=\"eael-grid-post-link\" href=\"https:\/\/notary-christodoulou.gr\/fr\/modes-de-transmission-des-biens-du-parent-a-ses-enfants\/\" title=\"MODES DES DE TRANSMISSION DES BIENS DU PARENT A SES ENFANTS\">MODES DES DE TRANSMISSION DES BIENS DU PARENT A SES ENFANTS<\/a><\/h2><\/header><div class=\"eael-entry-content\">\n                        <div class=\"eael-grid-post-excerpt\"><p>Un parent qui souhaite transf\u00e9rer ses biens \u00e0 ses h\u00e9ritiers...<\/p><\/div>\n                    <\/div><\/div><\/div>\n        <\/div>\n    <\/article><\/div>\n            <div class=\"clearfix\"><\/div>\n        <\/div>\t\t\t\t<\/div>\n\t\t\t\t<\/div>\n\t\t\t\t\t<\/div>\n\t\t\t\t<\/div>\n\t\t\t\t<\/div>\n\t\t","protected":false},"excerpt":{"rendered":"<p>Articles Dans le secteur du notariat No posts found!<\/p>\n","protected":false},"author":1,"featured_media":0,"parent":19001,"menu_order":0,"comment_status":"closed","ping_status":"closed","template":"elementor_header_footer","meta":{"footnotes":""},"class_list":["post-19005","page","type-page","status-publish","hentry"],"blocksy_meta":[],"yoast_head":"<!-- This site is optimized with the Yoast SEO plugin v27.1.1 - https:\/\/yoast.com\/product\/yoast-seo-wordpress\/ -->\n<title>Articles - ALICE CHRISTODOULOU<\/title>\n<meta name=\"robots\" content=\"index, follow, max-snippet:-1, max-image-preview:large, max-video-preview:-1\" \/>\n<link rel=\"canonical\" href=\"https:\/\/notary-christodoulou.gr\/fr\/information\/articles-informations-utiles\/\" \/>\n<meta property=\"og:locale\" content=\"fr_FR\" \/>\n<meta property=\"og:type\" content=\"article\" \/>\n<meta property=\"og:title\" content=\"Articles - ALICE CHRISTODOULOU\" \/>\n<meta property=\"og:description\" content=\"Articles Dans le secteur du notariat No posts found!\" \/>\n<meta property=\"og:url\" content=\"https:\/\/notary-christodoulou.gr\/fr\/information\/articles-informations-utiles\/\" \/>\n<meta property=\"og:site_name\" content=\"ALICE CHRISTODOULOU\" \/>\n<meta property=\"article:modified_time\" content=\"2024-05-17T08:17:34+00:00\" \/>\n<meta name=\"twitter:card\" content=\"summary_large_image\" \/>\n<meta name=\"twitter:label1\" content=\"Dur\u00e9e de lecture estim\u00e9e\" \/>\n\t<meta name=\"twitter:data1\" content=\"1 minute\" \/>\n<script type=\"application\/ld+json\" class=\"yoast-schema-graph\">{\"@context\":\"https:\/\/schema.org\",\"@graph\":[{\"@type\":\"WebPage\",\"@id\":\"https:\/\/notary-christodoulou.gr\/fr\/information\/articles-informations-utiles\/\",\"url\":\"https:\/\/notary-christodoulou.gr\/fr\/information\/articles-informations-utiles\/\",\"name\":\"Articles - ALICE CHRISTODOULOU\",\"isPartOf\":{\"@id\":\"https:\/\/notary-christodoulou.gr\/en\/#website\"},\"datePublished\":\"2024-02-28T16:36:40+00:00\",\"dateModified\":\"2024-05-17T08:17:34+00:00\",\"breadcrumb\":{\"@id\":\"https:\/\/notary-christodoulou.gr\/fr\/information\/articles-informations-utiles\/#breadcrumb\"},\"inLanguage\":\"fr-FR\",\"potentialAction\":[{\"@type\":\"ReadAction\",\"target\":[\"https:\/\/notary-christodoulou.gr\/fr\/information\/articles-informations-utiles\/\"]}]},{\"@type\":\"BreadcrumbList\",\"@id\":\"https:\/\/notary-christodoulou.gr\/fr\/information\/articles-informations-utiles\/#breadcrumb\",\"itemListElement\":[{\"@type\":\"ListItem\",\"position\":1,\"name\":\"Home\",\"item\":\"https:\/\/notary-christodoulou.gr\/fr\/\"},{\"@type\":\"ListItem\",\"position\":2,\"name\":\"Information\",\"item\":\"https:\/\/notary-christodoulou.gr\/fr\/information\/\"},{\"@type\":\"ListItem\",\"position\":3,\"name\":\"Articles\"}]},{\"@type\":\"WebSite\",\"@id\":\"https:\/\/notary-christodoulou.gr\/en\/#website\",\"url\":\"https:\/\/notary-christodoulou.gr\/en\/\",\"name\":\"\u0391\u039b\u0399\u039a\u0397 \u03a7\u03a1\u0399\u03a3\u03a4\u039f\u0394\u039f\u03a5\u039b\u039f\u03a5\",\"description\":\"OFFICE NOTARIAL, ATH\u00c8NES\",\"publisher\":{\"@id\":\"https:\/\/notary-christodoulou.gr\/en\/#\/schema\/person\/593392f50dcb6a486d8d4e251a00832b\"},\"potentialAction\":[{\"@type\":\"SearchAction\",\"target\":{\"@type\":\"EntryPoint\",\"urlTemplate\":\"https:\/\/notary-christodoulou.gr\/en\/?s={search_term_string}\"},\"query-input\":{\"@type\":\"PropertyValueSpecification\",\"valueRequired\":true,\"valueName\":\"search_term_string\"}}],\"inLanguage\":\"fr-FR\"},{\"@type\":[\"Person\",\"Organization\"],\"@id\":\"https:\/\/notary-christodoulou.gr\/en\/#\/schema\/person\/593392f50dcb6a486d8d4e251a00832b\",\"name\":\"alice\",\"image\":{\"@type\":\"ImageObject\",\"inLanguage\":\"fr-FR\",\"@id\":\"https:\/\/notary-christodoulou.gr\/en\/#\/schema\/person\/image\/\",\"url\":\"https:\/\/notary-christodoulou.gr\/wp-content\/uploads\/2024\/05\/logo-FR-green.png\",\"contentUrl\":\"https:\/\/notary-christodoulou.gr\/wp-content\/uploads\/2024\/05\/logo-FR-green.png\",\"width\":225,\"height\":225,\"caption\":\"alice\"},\"logo\":{\"@id\":\"https:\/\/notary-christodoulou.gr\/en\/#\/schema\/person\/image\/\"}}]}<\/script>\n<!-- \/ Yoast SEO plugin. -->","yoast_head_json":{"title":"Articles - ALICE CHRISTODOULOU","robots":{"index":"index","follow":"follow","max-snippet":"max-snippet:-1","max-image-preview":"max-image-preview:large","max-video-preview":"max-video-preview:-1"},"canonical":"https:\/\/notary-christodoulou.gr\/fr\/information\/articles-informations-utiles\/","og_locale":"fr_FR","og_type":"article","og_title":"Articles - ALICE CHRISTODOULOU","og_description":"Articles Dans le secteur du notariat No posts found!","og_url":"https:\/\/notary-christodoulou.gr\/fr\/information\/articles-informations-utiles\/","og_site_name":"ALICE CHRISTODOULOU","article_modified_time":"2024-05-17T08:17:34+00:00","twitter_card":"summary_large_image","twitter_misc":{"Dur\u00e9e de lecture estim\u00e9e":"1 minute"},"schema":{"@context":"https:\/\/schema.org","@graph":[{"@type":"WebPage","@id":"https:\/\/notary-christodoulou.gr\/fr\/information\/articles-informations-utiles\/","url":"https:\/\/notary-christodoulou.gr\/fr\/information\/articles-informations-utiles\/","name":"Articles - ALICE CHRISTODOULOU","isPartOf":{"@id":"https:\/\/notary-christodoulou.gr\/en\/#website"},"datePublished":"2024-02-28T16:36:40+00:00","dateModified":"2024-05-17T08:17:34+00:00","breadcrumb":{"@id":"https:\/\/notary-christodoulou.gr\/fr\/information\/articles-informations-utiles\/#breadcrumb"},"inLanguage":"fr-FR","potentialAction":[{"@type":"ReadAction","target":["https:\/\/notary-christodoulou.gr\/fr\/information\/articles-informations-utiles\/"]}]},{"@type":"BreadcrumbList","@id":"https:\/\/notary-christodoulou.gr\/fr\/information\/articles-informations-utiles\/#breadcrumb","itemListElement":[{"@type":"ListItem","position":1,"name":"Home","item":"https:\/\/notary-christodoulou.gr\/fr\/"},{"@type":"ListItem","position":2,"name":"Information","item":"https:\/\/notary-christodoulou.gr\/fr\/information\/"},{"@type":"ListItem","position":3,"name":"Articles"}]},{"@type":"WebSite","@id":"https:\/\/notary-christodoulou.gr\/en\/#website","url":"https:\/\/notary-christodoulou.gr\/en\/","name":"\u0391\u039b\u0399\u039a\u0397 \u03a7\u03a1\u0399\u03a3\u03a4\u039f\u0394\u039f\u03a5\u039b\u039f\u03a5","description":"OFFICE NOTARIAL, ATH\u00c8NES","publisher":{"@id":"https:\/\/notary-christodoulou.gr\/en\/#\/schema\/person\/593392f50dcb6a486d8d4e251a00832b"},"potentialAction":[{"@type":"SearchAction","target":{"@type":"EntryPoint","urlTemplate":"https:\/\/notary-christodoulou.gr\/en\/?s={search_term_string}"},"query-input":{"@type":"PropertyValueSpecification","valueRequired":true,"valueName":"search_term_string"}}],"inLanguage":"fr-FR"},{"@type":["Person","Organization"],"@id":"https:\/\/notary-christodoulou.gr\/en\/#\/schema\/person\/593392f50dcb6a486d8d4e251a00832b","name":"alice","image":{"@type":"ImageObject","inLanguage":"fr-FR","@id":"https:\/\/notary-christodoulou.gr\/en\/#\/schema\/person\/image\/","url":"https:\/\/notary-christodoulou.gr\/wp-content\/uploads\/2024\/05\/logo-FR-green.png","contentUrl":"https:\/\/notary-christodoulou.gr\/wp-content\/uploads\/2024\/05\/logo-FR-green.png","width":225,"height":225,"caption":"alice"},"logo":{"@id":"https:\/\/notary-christodoulou.gr\/en\/#\/schema\/person\/image\/"}}]}},"_links":{"self":[{"href":"https:\/\/notary-christodoulou.gr\/fr\/wp-json\/wp\/v2\/pages\/19005","targetHints":{"allow":["GET"]}}],"collection":[{"href":"https:\/\/notary-christodoulou.gr\/fr\/wp-json\/wp\/v2\/pages"}],"about":[{"href":"https:\/\/notary-christodoulou.gr\/fr\/wp-json\/wp\/v2\/types\/page"}],"author":[{"embeddable":true,"href":"https:\/\/notary-christodoulou.gr\/fr\/wp-json\/wp\/v2\/users\/1"}],"replies":[{"embeddable":true,"href":"https:\/\/notary-christodoulou.gr\/fr\/wp-json\/wp\/v2\/comments?post=19005"}],"version-history":[{"count":0,"href":"https:\/\/notary-christodoulou.gr\/fr\/wp-json\/wp\/v2\/pages\/19005\/revisions"}],"up":[{"embeddable":true,"href":"https:\/\/notary-christodoulou.gr\/fr\/wp-json\/wp\/v2\/pages\/19001"}],"wp:attachment":[{"href":"https:\/\/notary-christodoulou.gr\/fr\/wp-json\/wp\/v2\/media?parent=19005"}],"curies":[{"name":"wp","href":"https:\/\/api.w.org\/{rel}","templated":true}]}}