{"id":19017,"date":"2024-02-28T18:06:19","date_gmt":"2024-02-28T16:06:19","guid":{"rendered":"https:\/\/notary-christodoulou.gr\/information\/%ce%b5%cf%80%ce%b9%ce%ba%ce%b1%ce%b9%cf%81%cf%8c%cf%84%ce%b7%cf%84%ce%b1-%cf%81%ce%bf%ce%ae-%ce%b5%ce%b9%ce%b4%ce%ae%cf%83%ce%b5%cf%89%ce%bd\/"},"modified":"2024-07-28T13:58:44","modified_gmt":"2024-07-28T11:58:44","slug":"nouvelles","status":"publish","type":"page","link":"https:\/\/notary-christodoulou.gr\/fr\/information\/nouvelles\/","title":{"rendered":"Nouvelles"},"content":{"rendered":"\t\t<div data-elementor-type=\"wp-page\" data-elementor-id=\"19017\" class=\"elementor elementor-19017 elementor-18019\">\n\t\t\t\t<div class=\"elementor-element elementor-element-44a1e55b e-flex e-con-boxed wpr-particle-no wpr-jarallax-no wpr-parallax-no wpr-sticky-section-no e-con e-parent\" data-id=\"44a1e55b\" data-element_type=\"container\" data-e-type=\"container\" data-settings=\"{&quot;background_background&quot;:&quot;classic&quot;}\">\n\t\t\t\t\t<div class=\"e-con-inner\">\n\t\t\t\t<div class=\"elementor-element elementor-element-492e904a elementor-widget elementor-widget-heading\" data-id=\"492e904a\" data-element_type=\"widget\" data-e-type=\"widget\" data-widget_type=\"heading.default\">\n\t\t\t\t<div class=\"elementor-widget-container\">\n\t\t\t\t\t<h2 class=\"elementor-heading-title elementor-size-default\">Nouvelles<\/h2>\t\t\t\t<\/div>\n\t\t\t\t<\/div>\n\t\t\t\t<div class=\"elementor-element elementor-element-761c916c elementor-widget elementor-widget-text-editor\" data-id=\"761c916c\" data-element_type=\"widget\" data-e-type=\"widget\" data-widget_type=\"text-editor.default\">\n\t\t\t\t<div class=\"elementor-widget-container\">\n\t\t\t\t\t\t\t\t\t<p>Restez inform\u00e9 des derni\u00e8res nouvelles du march\u00e9<\/p>\t\t\t\t\t\t\t\t<\/div>\n\t\t\t\t<\/div>\n\t\t\t\t\t<\/div>\n\t\t\t\t<\/div>\n\t\t<div class=\"elementor-element elementor-element-602e1fe e-flex e-con-boxed wpr-particle-no wpr-jarallax-no wpr-parallax-no wpr-sticky-section-no e-con e-parent\" data-id=\"602e1fe\" data-element_type=\"container\" data-e-type=\"container\">\n\t\t\t\t\t<div class=\"e-con-inner\">\n\t\t\t\t<div class=\"elementor-element elementor-element-9426182 elementor-grid-eael-col-4 elementor-grid-tablet-eael-col-2 elementor-grid-mobile-eael-col-1 elementor-widget elementor-widget-eael-post-grid\" data-id=\"9426182\" data-element_type=\"widget\" data-e-type=\"widget\" data-settings=\"{&quot;eael_post_grid_columns&quot;:&quot;eael-col-4&quot;,&quot;eael_post_grid_columns_tablet&quot;:&quot;eael-col-2&quot;,&quot;eael_post_grid_columns_mobile&quot;:&quot;eael-col-1&quot;}\" data-widget_type=\"eael-post-grid.default\">\n\t\t\t\t<div class=\"elementor-widget-container\">\n\t\t\t\t\t<div id=\"eael-post-grid-9426182\" class=\"eael-post-grid-container\">\n            <div class=\"eael-post-grid eael-post-appender eael-post-appender-9426182 eael-post-grid-style-one\" data-layout-mode=\"masonry\"><article class=\"eael-grid-post  eael-post-grid-column eael-pg-post-20064 category-nouvelles\" data-id=\"20064\">\n        <div class=\"eael-grid-post-holder\">\n            <div class=\"eael-grid-post-holder-inner\"><div class=\"eael-entry-wrapper\"><header class=\"eael-entry-header\"><h2 class=\"eael-entry-title\"><a class=\"eael-grid-post-link\" href=\"https:\/\/notary-christodoulou.gr\/fr\/reductions-dimpots-fonciers-dans-35-zones-la-taxe-fonciere-annuelle-enfia-et-autres-reductions-fiscales\/\" title=\"R\u00e9ductions d&rsquo;imp\u00f4ts fonciers dans 35 zones : la taxe fonci\u00e8re annuelle (ENFIA) et autres r\u00e9ductions fiscales\">R\u00e9ductions d&rsquo;imp\u00f4ts fonciers dans 35 zones : la taxe fonci\u00e8re annuelle (ENFIA) et autres r\u00e9ductions fiscales<\/a><\/h2><\/header><div class=\"eael-entry-content\">\n                        <div class=\"eael-grid-post-excerpt\"><p>Des r\u00e9ductions fiscales, y compris des baisses de la taxe...<\/p><\/div>\n                    <\/div><\/div><\/div>\n        <\/div>\n    <\/article><article class=\"eael-grid-post  eael-post-grid-column eael-pg-post-20044 category-nouvelles\" data-id=\"20044\">\n        <div class=\"eael-grid-post-holder\">\n            <div class=\"eael-grid-post-holder-inner\"><div class=\"eael-entry-wrapper\"><header class=\"eael-entry-header\"><h2 class=\"eael-entry-title\"><a class=\"eael-grid-post-link\" href=\"https:\/\/notary-christodoulou.gr\/fr\/investissements-etrangers-dans-limmobilier-en-grece-tendances-majeures-et-regions-prisees\/\" title=\"Investissements \u00e9trangers dans l&rsquo;immobilier en Gr\u00e8ce : tendances majeures et r\u00e9gions pris\u00e9es\">Investissements \u00e9trangers dans l&rsquo;immobilier en Gr\u00e8ce : tendances majeures et r\u00e9gions pris\u00e9es<\/a><\/h2><\/header><div class=\"eael-entry-content\">\n                        <div class=\"eael-grid-post-excerpt\"><p>La Gr\u00e8ce continue d&rsquo;attirer un int\u00e9r\u00eat consid\u00e9rable des investisseurs \u00e9trangers,...<\/p><\/div>\n                    <\/div><\/div><\/div>\n        <\/div>\n    <\/article><article class=\"eael-grid-post  eael-post-grid-column eael-pg-post-19213 category-nouvelles\" data-id=\"19213\">\n        <div class=\"eael-grid-post-holder\">\n            <div class=\"eael-grid-post-holder-inner\"><div class=\"eael-entry-media\"><div class=\"eael-entry-overlay none\"><i class=\"\" aria-hidden=\"true\"><\/i><a href=\"https:\/\/notary-christodoulou.gr\/fr\/la-region-de-grece-qui-seduit-les-etrangers-par-sa-beaute-et-ou-ils-achetent-des-maisons-non-ce-nest-pas-une-ile\/\"><\/a><\/div><div class=\"eael-entry-thumbnail \">\n                <img fetchpriority=\"high\" decoding=\"async\" width=\"300\" height=\"200\" src=\"https:\/\/notary-christodoulou.gr\/wp-content\/uploads\/2024\/03\/not-an-island-300x200.jpg\" class=\"attachment-medium size-medium wp-image-18674\" alt=\"\" srcset=\"https:\/\/notary-christodoulou.gr\/wp-content\/uploads\/2024\/03\/not-an-island-300x200.jpg 300w, https:\/\/notary-christodoulou.gr\/wp-content\/uploads\/2024\/03\/not-an-island-1024x683.jpg 1024w, https:\/\/notary-christodoulou.gr\/wp-content\/uploads\/2024\/03\/not-an-island-768x512.jpg 768w, https:\/\/notary-christodoulou.gr\/wp-content\/uploads\/2024\/03\/not-an-island.jpg 1200w\" sizes=\"(max-width: 300px) 100vw, 300px\" \/>\n            <\/div>\n        <\/div><div class=\"eael-entry-wrapper\"><header class=\"eael-entry-header\"><h2 class=\"eael-entry-title\"><a class=\"eael-grid-post-link\" href=\"https:\/\/notary-christodoulou.gr\/fr\/la-region-de-grece-qui-seduit-les-etrangers-par-sa-beaute-et-ou-ils-achetent-des-maisons-non-ce-nest-pas-une-ile\/\" title=\"La r\u00e9gion de Gr\u00e8ce qui s\u00e9duit les \u00e9trangers par sa beaut\u00e9 et o\u00f9 ils ach\u00e8tent des maisons &#8211; Non, ce n&rsquo;est pas une \u00eele\">La r\u00e9gion de Gr\u00e8ce qui s\u00e9duit les \u00e9trangers par sa beaut\u00e9 et o\u00f9 ils ach\u00e8tent des maisons &#8211; Non, ce n&rsquo;est pas une \u00eele<\/a><\/h2><\/header><div class=\"eael-entry-content\">\n                        <div class=\"eael-grid-post-excerpt\"><p>La r\u00e9gion de Gr\u00e8ce qui s\u00e9duit les \u00e9trangers par sa...<\/p><\/div>\n                    <\/div><\/div><\/div>\n        <\/div>\n    <\/article><article class=\"eael-grid-post  eael-post-grid-column eael-pg-post-19223 category-nouvelles\" data-id=\"19223\">\n        <div class=\"eael-grid-post-holder\">\n            <div class=\"eael-grid-post-holder-inner\"><div class=\"eael-entry-wrapper\"><header class=\"eael-entry-header\"><h2 class=\"eael-entry-title\"><a class=\"eael-grid-post-link\" href=\"https:\/\/notary-christodoulou.gr\/fr\/hors-du-plan-la-construction-en-dehors-du-plan-de-la-ville\/\" title=\"Hors&#8230; du plan: la construction en dehors du plan de la ville\">Hors&#8230; du plan: la construction en dehors du plan de la ville<\/a><\/h2><\/header><div class=\"eael-entry-content\">\n                        <div class=\"eael-grid-post-excerpt\"><p>Les r\u00e9centes inondations en Thessalie, en conjonction avec les d\u00e9cisions...<\/p><\/div>\n                    <\/div><\/div><\/div>\n        <\/div>\n    <\/article><article class=\"eael-grid-post  eael-post-grid-column eael-pg-post-19231 category-nouvelles\" data-id=\"19231\">\n        <div class=\"eael-grid-post-holder\">\n            <div class=\"eael-grid-post-holder-inner\"><div class=\"eael-entry-wrapper\"><header class=\"eael-entry-header\"><h2 class=\"eael-entry-title\"><a class=\"eael-grid-post-link\" href=\"https:\/\/notary-christodoulou.gr\/fr\/le-marche-immobilier-grec-est-un-eldorado-de-linvestissement-pour-les-etrangers\/\" title=\"Le march\u00e9 immobilier grec est un \u00ab\u00a0Eldorado\u00a0\u00bb de l&rsquo;investissement pour les \u00e9trangers\">Le march\u00e9 immobilier grec est un \u00ab\u00a0Eldorado\u00a0\u00bb de l&rsquo;investissement pour les \u00e9trangers<\/a><\/h2><\/header><div class=\"eael-entry-content\">\n                        <div class=\"eael-grid-post-excerpt\"><p>Il combine des prix bas par rapport aux prix \u00e0...<\/p><\/div>\n                    <\/div><\/div><\/div>\n        <\/div>\n    <\/article><article class=\"eael-grid-post  eael-post-grid-column eael-pg-post-19238 category-nouvelles\" data-id=\"19238\">\n        <div class=\"eael-grid-post-holder\">\n            <div class=\"eael-grid-post-holder-inner\"><div class=\"eael-entry-media\"><div class=\"eael-entry-overlay none\"><i class=\"\" aria-hidden=\"true\"><\/i><a href=\"https:\/\/notary-christodoulou.gr\/fr\/un-coup-de-frein-europeen-a-airbnb\/\"><\/a><\/div><div class=\"eael-entry-thumbnail \">\n                <img decoding=\"async\" width=\"300\" height=\"112\" src=\"https:\/\/notary-christodoulou.gr\/wp-content\/uploads\/2023\/08\/logo-airbnb-300x112.jpg\" class=\"attachment-medium size-medium wp-image-18634\" alt=\"\" srcset=\"https:\/\/notary-christodoulou.gr\/wp-content\/uploads\/2023\/08\/logo-airbnb-300x112.jpg 300w, https:\/\/notary-christodoulou.gr\/wp-content\/uploads\/2023\/08\/logo-airbnb.jpg 620w\" sizes=\"(max-width: 300px) 100vw, 300px\" \/>\n            <\/div>\n        <\/div><div class=\"eael-entry-wrapper\"><header class=\"eael-entry-header\"><h2 class=\"eael-entry-title\"><a class=\"eael-grid-post-link\" href=\"https:\/\/notary-christodoulou.gr\/fr\/un-coup-de-frein-europeen-a-airbnb\/\" title=\"Un \u201ccoup de frein\u201d europ\u00e9en \u00e0 Airbnb\">Un \u201ccoup de frein\u201d europ\u00e9en \u00e0 Airbnb<\/a><\/h2><\/header><div class=\"eael-entry-content\">\n                        <div class=\"eael-grid-post-excerpt\"><p>Les mesures visant \u00e0 restreindre les locations \u00e0 court terme...<\/p><\/div>\n                    <\/div><\/div><\/div>\n        <\/div>\n    <\/article><article class=\"eael-grid-post  eael-post-grid-column eael-pg-post-19246 category-nouvelles\" data-id=\"19246\">\n        <div class=\"eael-grid-post-holder\">\n            <div class=\"eael-grid-post-holder-inner\"><div class=\"eael-entry-wrapper\"><header class=\"eael-entry-header\"><h2 class=\"eael-entry-title\"><a class=\"eael-grid-post-link\" href=\"https:\/\/notary-christodoulou.gr\/fr\/fievre-des-transactions-sur-les-iles\/\" title=\"Fi\u00e8vre des transactions sur les \u00eeles &#8211; Qui, o\u00f9 et quelles propri\u00e9t\u00e9s sont acquises\">Fi\u00e8vre des transactions sur les \u00eeles &#8211; Qui, o\u00f9 et quelles propri\u00e9t\u00e9s sont acquises<\/a><\/h2><\/header><div class=\"eael-entry-content\">\n                        <div class=\"eael-grid-post-excerpt\"><p>L&rsquo;exemple de l&rsquo;homme d&rsquo;affaires n\u00e9erlandais qui a vendu son entreprise...<\/p><\/div>\n                    <\/div><\/div><\/div>\n        <\/div>\n    <\/article><article class=\"eael-grid-post  eael-post-grid-column eael-pg-post-19255 category-nouvelles\" data-id=\"19255\">\n        <div class=\"eael-grid-post-holder\">\n            <div class=\"eael-grid-post-holder-inner\"><div class=\"eael-entry-wrapper\"><header class=\"eael-entry-header\"><h2 class=\"eael-entry-title\"><a class=\"eael-grid-post-link\" href=\"https:\/\/notary-christodoulou.gr\/fr\/les-valeurs-justes-valeurs-fiscales-des-biens-immobiliers-comment-vont-elles-etre-reglees\/\" title=\"Les valeurs officielles (valeurs fiscales) des biens immobiliers \u2013 comment vont-elles \u00eatre r\u00e9gl\u00e9es\">Les valeurs officielles (valeurs fiscales) des biens immobiliers \u2013 comment vont-elles \u00eatre r\u00e9gl\u00e9es<\/a><\/h2><\/header><div class=\"eael-entry-content\">\n                        <div class=\"eael-grid-post-excerpt\"><p>Le\u00a0minist\u00e8re des finances est en train d\u2019embaucher 111 experts en...<\/p><\/div>\n                    <\/div><\/div><\/div>\n        <\/div>\n    <\/article><\/div>\n            <div class=\"clearfix\"><\/div>\n        <\/div>\t\t\t\t<\/div>\n\t\t\t\t<\/div>\n\t\t\t\t\t<\/div>\n\t\t\t\t<\/div>\n\t\t\t\t<\/div>\n\t\t","protected":false},"excerpt":{"rendered":"<p>Nouvelles Restez inform\u00e9 des derni\u00e8res nouvelles du march\u00e9 La r\u00e9gion de Gr\u00e8ce qui s\u00e9duit les \u00e9trangers par sa beaut\u00e9 et o\u00f9 ils ach\u00e8tent des maisons &#8211; Non, ce n&#8217;est pas une \u00eele Il existe de nombreuses destinations en Gr\u00e8ce qui n&#8217;ont pas&#8230; 04\/03\/2024 Hors&#8230; du plan: la construction en dehors du plan de la ville Les r\u00e9centes inondations en Thessalie, en conjonction avec les d\u00e9cisions&#8230; 18\/09\/2023 Le march\u00e9 immobilier grec est un &#8220;Eldorado&#8221; de l&#8217;investissement pour les \u00e9trangers Il combine des prix bas par rapport aux prix \u00e0&#8230; 15\/09\/2023 Un \u201ccoup de frein\u201d europ\u00e9en \u00e0 Airbnb Les mesures visant \u00e0 restreindre les locations \u00e0 court terme&#8230; 03\/08\/2023 Fi\u00e8vre des transactions sur les \u00eeles &#8211; Qui, o\u00f9 et quelles propri\u00e9t\u00e9s sont acquises L&#8217;exemple de l&#8217;homme d&#8217;affaires n\u00e9erlandais qui a vendu son entreprise&#8230; 08\/07\/2023 Les valeurs officielles (valeurs fiscales) des biens immobiliers \u2013 comment vont-elles \u00eatre r\u00e9gl\u00e9es Le\u00a0minist\u00e8re des finances est en train d\u2019embaucher 111 experts en&#8230; 24\/02\/2020<\/p>\n","protected":false},"author":1,"featured_media":0,"parent":19001,"menu_order":0,"comment_status":"closed","ping_status":"closed","template":"elementor_header_footer","meta":{"footnotes":""},"class_list":["post-19017","page","type-page","status-publish","hentry"],"blocksy_meta":[],"yoast_head":"<!-- This site is optimized with the Yoast SEO plugin v27.1.1 - https:\/\/yoast.com\/product\/yoast-seo-wordpress\/ -->\n<title>Nouvelles - ALICE CHRISTODOULOU<\/title>\n<meta name=\"robots\" content=\"index, follow, max-snippet:-1, max-image-preview:large, max-video-preview:-1\" \/>\n<link rel=\"canonical\" href=\"https:\/\/notary-christodoulou.gr\/fr\/information\/nouvelles\/\" \/>\n<meta property=\"og:locale\" content=\"fr_FR\" \/>\n<meta property=\"og:type\" content=\"article\" \/>\n<meta property=\"og:title\" content=\"Nouvelles - ALICE CHRISTODOULOU\" \/>\n<meta property=\"og:description\" content=\"Nouvelles Restez inform\u00e9 des derni\u00e8res nouvelles du march\u00e9 La r\u00e9gion de Gr\u00e8ce qui s\u00e9duit les \u00e9trangers par sa beaut\u00e9 et o\u00f9 ils ach\u00e8tent des maisons &#8211; Non, ce n&#8217;est pas une \u00eele Il existe de nombreuses destinations en Gr\u00e8ce qui n&#8217;ont pas&#8230; 04\/03\/2024 Hors&#8230; du plan: la construction en dehors du plan de la ville Les r\u00e9centes inondations en Thessalie, en conjonction avec les d\u00e9cisions&#8230; 18\/09\/2023 Le march\u00e9 immobilier grec est un &#8220;Eldorado&#8221; de l&#8217;investissement pour les \u00e9trangers Il combine des prix bas par rapport aux prix \u00e0&#8230; 15\/09\/2023 Un \u201ccoup de frein\u201d europ\u00e9en \u00e0 Airbnb Les mesures visant \u00e0 restreindre les locations \u00e0 court terme&#8230; 03\/08\/2023 Fi\u00e8vre des transactions sur les \u00eeles &#8211; Qui, o\u00f9 et quelles propri\u00e9t\u00e9s sont acquises L&#8217;exemple de l&#8217;homme d&#8217;affaires n\u00e9erlandais qui a vendu son entreprise&#8230; 08\/07\/2023 Les valeurs officielles (valeurs fiscales) des biens immobiliers \u2013 comment vont-elles \u00eatre r\u00e9gl\u00e9es Le\u00a0minist\u00e8re des finances est en train d\u2019embaucher 111 experts en&#8230; 24\/02\/2020\" \/>\n<meta property=\"og:url\" content=\"https:\/\/notary-christodoulou.gr\/fr\/information\/nouvelles\/\" \/>\n<meta property=\"og:site_name\" content=\"ALICE CHRISTODOULOU\" \/>\n<meta property=\"article:modified_time\" content=\"2024-07-28T11:58:44+00:00\" \/>\n<meta property=\"og:image\" content=\"https:\/\/notary-christodoulou.gr\/wp-content\/uploads\/2024\/03\/not-an-island-300x200.jpg\" \/>\n<meta name=\"twitter:card\" content=\"summary_large_image\" \/>\n<meta name=\"twitter:label1\" content=\"Dur\u00e9e de lecture estim\u00e9e\" \/>\n\t<meta name=\"twitter:data1\" content=\"2 minutes\" \/>\n<script type=\"application\/ld+json\" class=\"yoast-schema-graph\">{\"@context\":\"https:\/\/schema.org\",\"@graph\":[{\"@type\":\"WebPage\",\"@id\":\"https:\/\/notary-christodoulou.gr\/fr\/information\/nouvelles\/\",\"url\":\"https:\/\/notary-christodoulou.gr\/fr\/information\/nouvelles\/\",\"name\":\"Nouvelles - ALICE CHRISTODOULOU\",\"isPartOf\":{\"@id\":\"https:\/\/notary-christodoulou.gr\/en\/#website\"},\"primaryImageOfPage\":{\"@id\":\"https:\/\/notary-christodoulou.gr\/fr\/information\/nouvelles\/#primaryimage\"},\"image\":{\"@id\":\"https:\/\/notary-christodoulou.gr\/fr\/information\/nouvelles\/#primaryimage\"},\"thumbnailUrl\":\"https:\/\/notary-christodoulou.gr\/wp-content\/uploads\/2024\/03\/not-an-island-300x200.jpg\",\"datePublished\":\"2024-02-28T16:06:19+00:00\",\"dateModified\":\"2024-07-28T11:58:44+00:00\",\"breadcrumb\":{\"@id\":\"https:\/\/notary-christodoulou.gr\/fr\/information\/nouvelles\/#breadcrumb\"},\"inLanguage\":\"fr-FR\",\"potentialAction\":[{\"@type\":\"ReadAction\",\"target\":[\"https:\/\/notary-christodoulou.gr\/fr\/information\/nouvelles\/\"]}]},{\"@type\":\"ImageObject\",\"inLanguage\":\"fr-FR\",\"@id\":\"https:\/\/notary-christodoulou.gr\/fr\/information\/nouvelles\/#primaryimage\",\"url\":\"https:\/\/notary-christodoulou.gr\/wp-content\/uploads\/2024\/03\/not-an-island-300x200.jpg\",\"contentUrl\":\"https:\/\/notary-christodoulou.gr\/wp-content\/uploads\/2024\/03\/not-an-island-300x200.jpg\"},{\"@type\":\"BreadcrumbList\",\"@id\":\"https:\/\/notary-christodoulou.gr\/fr\/information\/nouvelles\/#breadcrumb\",\"itemListElement\":[{\"@type\":\"ListItem\",\"position\":1,\"name\":\"Home\",\"item\":\"https:\/\/notary-christodoulou.gr\/fr\/\"},{\"@type\":\"ListItem\",\"position\":2,\"name\":\"Information\",\"item\":\"https:\/\/notary-christodoulou.gr\/fr\/information\/\"},{\"@type\":\"ListItem\",\"position\":3,\"name\":\"Nouvelles\"}]},{\"@type\":\"WebSite\",\"@id\":\"https:\/\/notary-christodoulou.gr\/en\/#website\",\"url\":\"https:\/\/notary-christodoulou.gr\/en\/\",\"name\":\"\u0391\u039b\u0399\u039a\u0397 \u03a7\u03a1\u0399\u03a3\u03a4\u039f\u0394\u039f\u03a5\u039b\u039f\u03a5\",\"description\":\"OFFICE NOTARIAL, ATH\u00c8NES\",\"publisher\":{\"@id\":\"https:\/\/notary-christodoulou.gr\/en\/#\/schema\/person\/593392f50dcb6a486d8d4e251a00832b\"},\"potentialAction\":[{\"@type\":\"SearchAction\",\"target\":{\"@type\":\"EntryPoint\",\"urlTemplate\":\"https:\/\/notary-christodoulou.gr\/en\/?s={search_term_string}\"},\"query-input\":{\"@type\":\"PropertyValueSpecification\",\"valueRequired\":true,\"valueName\":\"search_term_string\"}}],\"inLanguage\":\"fr-FR\"},{\"@type\":[\"Person\",\"Organization\"],\"@id\":\"https:\/\/notary-christodoulou.gr\/en\/#\/schema\/person\/593392f50dcb6a486d8d4e251a00832b\",\"name\":\"alice\",\"image\":{\"@type\":\"ImageObject\",\"inLanguage\":\"fr-FR\",\"@id\":\"https:\/\/notary-christodoulou.gr\/en\/#\/schema\/person\/image\/\",\"url\":\"https:\/\/notary-christodoulou.gr\/wp-content\/uploads\/2024\/05\/logo-FR-green.png\",\"contentUrl\":\"https:\/\/notary-christodoulou.gr\/wp-content\/uploads\/2024\/05\/logo-FR-green.png\",\"width\":225,\"height\":225,\"caption\":\"alice\"},\"logo\":{\"@id\":\"https:\/\/notary-christodoulou.gr\/en\/#\/schema\/person\/image\/\"}}]}<\/script>\n<!-- \/ Yoast SEO plugin. -->","yoast_head_json":{"title":"Nouvelles - ALICE CHRISTODOULOU","robots":{"index":"index","follow":"follow","max-snippet":"max-snippet:-1","max-image-preview":"max-image-preview:large","max-video-preview":"max-video-preview:-1"},"canonical":"https:\/\/notary-christodoulou.gr\/fr\/information\/nouvelles\/","og_locale":"fr_FR","og_type":"article","og_title":"Nouvelles - ALICE CHRISTODOULOU","og_description":"Nouvelles Restez inform\u00e9 des derni\u00e8res nouvelles du march\u00e9 La r\u00e9gion de Gr\u00e8ce qui s\u00e9duit les \u00e9trangers par sa beaut\u00e9 et o\u00f9 ils ach\u00e8tent des maisons &#8211; Non, ce n&#8217;est pas une \u00eele Il existe de nombreuses destinations en Gr\u00e8ce qui n&#8217;ont pas&#8230; 04\/03\/2024 Hors&#8230; du plan: la construction en dehors du plan de la ville Les r\u00e9centes inondations en Thessalie, en conjonction avec les d\u00e9cisions&#8230; 18\/09\/2023 Le march\u00e9 immobilier grec est un &#8220;Eldorado&#8221; de l&#8217;investissement pour les \u00e9trangers Il combine des prix bas par rapport aux prix \u00e0&#8230; 15\/09\/2023 Un \u201ccoup de frein\u201d europ\u00e9en \u00e0 Airbnb Les mesures visant \u00e0 restreindre les locations \u00e0 court terme&#8230; 03\/08\/2023 Fi\u00e8vre des transactions sur les \u00eeles &#8211; Qui, o\u00f9 et quelles propri\u00e9t\u00e9s sont acquises L&#8217;exemple de l&#8217;homme d&#8217;affaires n\u00e9erlandais qui a vendu son entreprise&#8230; 08\/07\/2023 Les valeurs officielles (valeurs fiscales) des biens immobiliers \u2013 comment vont-elles \u00eatre r\u00e9gl\u00e9es Le\u00a0minist\u00e8re des finances est en train d\u2019embaucher 111 experts en&#8230; 24\/02\/2020","og_url":"https:\/\/notary-christodoulou.gr\/fr\/information\/nouvelles\/","og_site_name":"ALICE CHRISTODOULOU","article_modified_time":"2024-07-28T11:58:44+00:00","og_image":[{"url":"https:\/\/notary-christodoulou.gr\/wp-content\/uploads\/2024\/03\/not-an-island-300x200.jpg","type":"","width":"","height":""}],"twitter_card":"summary_large_image","twitter_misc":{"Dur\u00e9e de lecture estim\u00e9e":"2 minutes"},"schema":{"@context":"https:\/\/schema.org","@graph":[{"@type":"WebPage","@id":"https:\/\/notary-christodoulou.gr\/fr\/information\/nouvelles\/","url":"https:\/\/notary-christodoulou.gr\/fr\/information\/nouvelles\/","name":"Nouvelles - ALICE CHRISTODOULOU","isPartOf":{"@id":"https:\/\/notary-christodoulou.gr\/en\/#website"},"primaryImageOfPage":{"@id":"https:\/\/notary-christodoulou.gr\/fr\/information\/nouvelles\/#primaryimage"},"image":{"@id":"https:\/\/notary-christodoulou.gr\/fr\/information\/nouvelles\/#primaryimage"},"thumbnailUrl":"https:\/\/notary-christodoulou.gr\/wp-content\/uploads\/2024\/03\/not-an-island-300x200.jpg","datePublished":"2024-02-28T16:06:19+00:00","dateModified":"2024-07-28T11:58:44+00:00","breadcrumb":{"@id":"https:\/\/notary-christodoulou.gr\/fr\/information\/nouvelles\/#breadcrumb"},"inLanguage":"fr-FR","potentialAction":[{"@type":"ReadAction","target":["https:\/\/notary-christodoulou.gr\/fr\/information\/nouvelles\/"]}]},{"@type":"ImageObject","inLanguage":"fr-FR","@id":"https:\/\/notary-christodoulou.gr\/fr\/information\/nouvelles\/#primaryimage","url":"https:\/\/notary-christodoulou.gr\/wp-content\/uploads\/2024\/03\/not-an-island-300x200.jpg","contentUrl":"https:\/\/notary-christodoulou.gr\/wp-content\/uploads\/2024\/03\/not-an-island-300x200.jpg"},{"@type":"BreadcrumbList","@id":"https:\/\/notary-christodoulou.gr\/fr\/information\/nouvelles\/#breadcrumb","itemListElement":[{"@type":"ListItem","position":1,"name":"Home","item":"https:\/\/notary-christodoulou.gr\/fr\/"},{"@type":"ListItem","position":2,"name":"Information","item":"https:\/\/notary-christodoulou.gr\/fr\/information\/"},{"@type":"ListItem","position":3,"name":"Nouvelles"}]},{"@type":"WebSite","@id":"https:\/\/notary-christodoulou.gr\/en\/#website","url":"https:\/\/notary-christodoulou.gr\/en\/","name":"\u0391\u039b\u0399\u039a\u0397 \u03a7\u03a1\u0399\u03a3\u03a4\u039f\u0394\u039f\u03a5\u039b\u039f\u03a5","description":"OFFICE NOTARIAL, ATH\u00c8NES","publisher":{"@id":"https:\/\/notary-christodoulou.gr\/en\/#\/schema\/person\/593392f50dcb6a486d8d4e251a00832b"},"potentialAction":[{"@type":"SearchAction","target":{"@type":"EntryPoint","urlTemplate":"https:\/\/notary-christodoulou.gr\/en\/?s={search_term_string}"},"query-input":{"@type":"PropertyValueSpecification","valueRequired":true,"valueName":"search_term_string"}}],"inLanguage":"fr-FR"},{"@type":["Person","Organization"],"@id":"https:\/\/notary-christodoulou.gr\/en\/#\/schema\/person\/593392f50dcb6a486d8d4e251a00832b","name":"alice","image":{"@type":"ImageObject","inLanguage":"fr-FR","@id":"https:\/\/notary-christodoulou.gr\/en\/#\/schema\/person\/image\/","url":"https:\/\/notary-christodoulou.gr\/wp-content\/uploads\/2024\/05\/logo-FR-green.png","contentUrl":"https:\/\/notary-christodoulou.gr\/wp-content\/uploads\/2024\/05\/logo-FR-green.png","width":225,"height":225,"caption":"alice"},"logo":{"@id":"https:\/\/notary-christodoulou.gr\/en\/#\/schema\/person\/image\/"}}]}},"_links":{"self":[{"href":"https:\/\/notary-christodoulou.gr\/fr\/wp-json\/wp\/v2\/pages\/19017","targetHints":{"allow":["GET"]}}],"collection":[{"href":"https:\/\/notary-christodoulou.gr\/fr\/wp-json\/wp\/v2\/pages"}],"about":[{"href":"https:\/\/notary-christodoulou.gr\/fr\/wp-json\/wp\/v2\/types\/page"}],"author":[{"embeddable":true,"href":"https:\/\/notary-christodoulou.gr\/fr\/wp-json\/wp\/v2\/users\/1"}],"replies":[{"embeddable":true,"href":"https:\/\/notary-christodoulou.gr\/fr\/wp-json\/wp\/v2\/comments?post=19017"}],"version-history":[{"count":0,"href":"https:\/\/notary-christodoulou.gr\/fr\/wp-json\/wp\/v2\/pages\/19017\/revisions"}],"up":[{"embeddable":true,"href":"https:\/\/notary-christodoulou.gr\/fr\/wp-json\/wp\/v2\/pages\/19001"}],"wp:attachment":[{"href":"https:\/\/notary-christodoulou.gr\/fr\/wp-json\/wp\/v2\/media?parent=19017"}],"curies":[{"name":"wp","href":"https:\/\/api.w.org\/{rel}","templated":true}]}}